{"id":1181,"date":"2024-05-08T11:31:58","date_gmt":"2024-05-08T11:31:58","guid":{"rendered":"https:\/\/artcouturier.ro\/?page_id=1181"},"modified":"2024-05-22T14:26:00","modified_gmt":"2024-05-22T14:26:00","slug":"termeni-si-conditii","status":"publish","type":"page","link":"https:\/\/artcouturier.md\/index.php\/termeni-si-conditii\/","title":{"rendered":"Termeni \u0219i condi\u021bii"},"content":{"rendered":"\t\t<div data-elementor-type=\"wp-page\" data-elementor-id=\"1181\" class=\"elementor elementor-1181\" data-elementor-settings=\"{&quot;ha_cmc_init_switcher&quot;:&quot;no&quot;}\" data-elementor-post-type=\"page\">\n\t\t\t\t\t\t<section class=\"elementor-section elementor-top-section elementor-element elementor-element-9874c05 elementor-section-boxed elementor-section-height-default elementor-section-height-default exad-glass-effect-no wpr-particle-no wpr-jarallax-no wpr-parallax-no wpr-sticky-section-no wpr-equal-height-no exad-sticky-section-no\" data-id=\"9874c05\" data-element_type=\"section\" data-settings=\"{&quot;_ha_eqh_enable&quot;:false}\">\n\t\t\t\t\t\t<div class=\"elementor-container elementor-column-gap-default\">\n\t\t\t\t\t<div class=\"elementor-column elementor-col-100 elementor-top-column elementor-element elementor-element-6307a30 exad-glass-effect-no exad-sticky-section-no\" data-id=\"6307a30\" data-element_type=\"column\">\n\t\t\t<div class=\"elementor-widget-wrap elementor-element-populated\">\n\t\t\t\t\t\t<div class=\"elementor-element elementor-element-c14d441 exad-sticky-section-no exad-glass-effect-no elementor-widget elementor-widget-heading\" data-id=\"c14d441\" data-element_type=\"widget\" data-widget_type=\"heading.default\">\n\t\t\t\t<div class=\"elementor-widget-container\">\n\t\t\t\t\t<h2 class=\"elementor-heading-title elementor-size-default\">Termeni \u0219i condi\u021bii<\/h2>\t\t\t\t<\/div>\n\t\t\t\t<\/div>\n\t\t\t\t<section class=\"elementor-section elementor-inner-section elementor-element elementor-element-3f04160 elementor-section-full_width elementor-section-height-default elementor-section-height-default exad-glass-effect-no wpr-particle-no wpr-jarallax-no wpr-parallax-no wpr-sticky-section-no wpr-equal-height-no exad-sticky-section-no\" data-id=\"3f04160\" data-element_type=\"section\" data-settings=\"{&quot;_ha_eqh_enable&quot;:false}\">\n\t\t\t\t\t\t<div class=\"elementor-container elementor-column-gap-default\">\n\t\t\t\t\t<div class=\"elementor-column elementor-col-100 elementor-inner-column elementor-element elementor-element-20882b2 exad-glass-effect-no exad-sticky-section-no\" data-id=\"20882b2\" data-element_type=\"column\">\n\t\t\t<div class=\"elementor-widget-wrap elementor-element-populated\">\n\t\t\t\t\t\t<div class=\"elementor-element elementor-element-6f4346d elementor-widget__width-initial exad-sticky-section-no exad-glass-effect-no elementor-widget elementor-widget-text-editor\" data-id=\"6f4346d\" data-element_type=\"widget\" data-widget_type=\"text-editor.default\">\n\t\t\t\t<div class=\"elementor-widget-container\">\n\t\t\t\t\t\t\t\t\t<p><strong>1. Introducere<\/strong><\/p><p>1.1. Ace\u0219ti Termeni \u0219i Condi\u021bii se aplic\u0103 utilizatorilor artcouturier.md<\/p><p><strong>2. Acceptarea termenilor \u0219i condi\u021biilor<\/strong><\/p><p>2.1. Prin efectuarea unei\u00a0 complet\u0103ri de formular prin intermediul Serviciului artcouturier.md, va fi tratat\u0103 ca acceptare a acestor Termeni \u0219i Condi\u021bii, precum \u0219i acordarea consim\u021b\u0103m\u00e2ntului de a procesa, prelucra \u0219i stoca datele cu caracter personal \u00een conformitate cu Legea nr. 133 din 08.07.2011 privind protec\u021bia datelor cu caracter personal.<\/p><p>2.2. \u00cen cazul efectu\u0103rii pl\u0103\u021bilor prin portalul artcouturier.md, acceptarea acestor Termeni \u0219i Condi\u021bii, precum \u0219i acordarea consim\u021b\u0103m\u00e2ntului de a procesa, prelucra \u0219i stoca datele cu caracter personal, se realizeaz\u0103 prin bifarea acordului de c\u0103tre pl\u0103titor.<\/p><p>3. Pentru accesarea portalului artcouturier.md se recomand\u0103 utilizarea ultimelor trei versiuni ale celor mai populare browsere (Chrome, Edge, Safari, Firefox). Portalul poate fi accesat at\u00e2t pe dispozitivele desktop c\u00e2t \u0219i dispozitivele mobile (cu sisteme de operare IoS, Android, Windows).<\/p><p><strong>3. Conduita utilizatorului\u00a0<\/strong><\/p><p>3.1. Prin utilizarea Serviciului artcouturier.md, utilizatorul este de acord s\u0103 nu \u00eencarce, posteze, trimit\u0103 e-mail sau orice material ce con\u021bine viru\u0219i sau alte coduri de computer, fi\u0219iere sau programe menite s\u0103 \u00eentrerup\u0103, distrug\u0103 sau s\u0103 limiteze func\u021bionalitatea oric\u0103rui software sau hardware sau echipament de telecomunica\u021bie asociat cu artcouturier.md<\/p><p><strong>4. Renun\u021barea la r\u0103spundere \u0219i limitarea r\u0103spunderii<\/strong><\/p><p>4.1. Prin utilizarea Serviciului artcouturier.md, utilizatorul \u00een\u021belege \u0219i este de acord c\u0103 toate resursele pe care le furnizeaz\u0103 Artcouturier sunt \u201ea\u0219a cum sunt\u201d \u0219i \u201ea\u0219a cum sunt disponibile\u201d. Aceasta \u00eenseamn\u0103 c\u0103 nu este garantat ca:<\/p><ul><li>utilizarea resurselor Serviciului artcouturier.md va satisface toate nevoile sau cerin\u021bele Dvs.;<\/li><li>utilizarea resurselor Serviciului artcouturier.md va fi ne\u00eentrerupt\u0103, \u00een timp util, sigur\u0103 sau f\u0103r\u0103 erori.<\/li><\/ul><p>4.2. Artcouturier nu accept\u0103 r\u0103spunderea pentru daune, pierderi, costuri (inclusiv costuri juridice), cheltuieli indirecte pierderi sau daune de orice fel care pot fi suferite sau suportate de pl\u0103titor de la utilizarea Serviciului artcouturier.md<\/p><p><strong>5. Legea aplicabil\u0103 \u0219i solu\u021bionarea litigiilor<\/strong><\/p><p>5.1. Ace\u0219ti Termeni \u0219i Condi\u021bii cad sub inciden\u021ba legisla\u021biei Republicii Moldova.<\/p><p>5.2. \u00cen cazul oric\u0103rui litigiu sau dezacord care apare \u00een temeiul sau \u00een leg\u0103tur\u0103 cu ace\u0219ti Termeni \u0219i Condi\u021bii (inclusiv o disput\u0103 sau dezacord cu privire la valabilitatea Termenilor \u0219i Condi\u021biilor), astfel de dispute sau dezacorduri vor fi intentate \u0219i solu\u021bionate \u00een cadrul instan\u021belor de judecat\u0103 ale Republicii Moldova.<\/p><p><strong>6. Suport \u0219i asisten\u021b\u0103<\/strong><\/p><p>6.1. Pentru asisten\u021b\u0103 \u00een achitarea notelor de plat\u0103 artcouturier.md, sau depunerea unui peti\u021bii, contesta\u021bii, pl\u00e2ngeri, v\u0103 rug\u0103m s\u0103 ne contacta\u021bi prin urm\u0103toarele canale:<\/p><ul><li>Tel: <a href=\"tel:%20+37369039918\"><span class=\"elementor-icon-list-text\">069039918<\/span><\/a><\/li><li>Email: <a href=\"mailto:%20adriana.calin@mail.ru\"><span class=\"elementor-icon-list-text\">adriana.calin@mail.ru<\/span><\/a><\/li><\/ul><p>6.2. \u00cen cazul solicit\u0103rilor expediate pe email, echipa artcouturier.md va depune tot efortul pentru a oferi r\u0103spunsuri \u00een termen de cel mult 7 zile lucr\u0103toare. \u00cen cazul \u00een care nu primi\u021bi un r\u0103spuns \u00een acest termen, cel mai probabil operatorii no\u0219tri sunt supra\u00eenc\u0103rca\u021bi, \u0219i ca urmare v\u0103 rug\u0103m s\u0103 reveni\u021bi cu un mesaj repetat dac\u0103 chestiunea Dvs. nu sufer\u0103 am\u00e2nare iar echipa noastr\u0103 va reprioritiza cererea Dvs.<\/p><p>6.3. Pentru a beneficia de suport \u00een cazul unei deficien\u021be sau probleme ap\u0103rute, recomand\u0103m:<\/p><ul><li>sesizarea echipei artcouturier.md \u00een cel mult 180 zile de la depistarea incidentului\/problemei;<\/li><li>expedierea tuturor actelor\/documentelor solicitate ulterior de echipa de suport artcouturier.md.<\/li><\/ul><p><strong>7. Confiden\u021bialitate<\/strong><\/p><p>7.1. Serviciul artcouturier.md prelucreaz\u0103 date cu caracter personal exclusiv \u00een scopul asigur\u0103rii proces\u0103rii pl\u0103\u021bilor. Prelucrarea datelor cu caracter personal se ini\u021biaz\u0103 la solicitarea pl\u0103titorului de a efectua plata prin selectarea metodei de plat\u0103 \u0219i prestatorului de servicii de plat\u0103 \u0219i indicarea identificatorului pl\u0103\u021bii.<\/p><p>7.2. Prin Serviciul artcouturier.md sunt procesate urm\u0103toarele date generice cu caracter personal:<\/p><ul><li>Numele \u0219i prenumele persoanei fizice;<\/li><li>Adresa IP \u00een cazul utiliz\u0103rii unei metodei electronice de plat\u0103 pe site.<\/li><\/ul><p>7.3. Artcouturier garanteaz\u0103 respectarea drepturilor titularilor datelor cu caracter personal prev\u0103zute de Legea nr. 133 din 08.07.2011 privind protec\u021bia datelor cu caracter personal.<\/p><p><strong>8. Drepturi de proprietate intelectual\u0103<\/strong><\/p><p>8.1. Con\u021binutul \u0219i materialele disponibile pe portalul artcouturier.md, definite care includ, dar nu se limiteaz\u0103 la text, grafic\u0103, nume de site, cod surs\u0103, imagini \u0219i logo-uri, sunt proprietatea intelectual\u0103 a artcouturier \u0219i sunt protejate de legisla\u021bia privind drepturile de autor \u0219i m\u0103rcile comerciale aplicabile. Orice utilizare inadecvat\u0103, inclusiv, dar f\u0103r\u0103 a se limita la reproducerea, distribuirea, afi\u0219area sau transmiterea oric\u0103rui con\u021binut de pe acest portal este restric\u021bionat\u0103.<\/p><p><strong>9. Modific\u0103rile termenilor \u0219i condi\u021biilor<\/strong><\/p><p>9.1. Artcouturier \u00ee\u0219i rezerv\u0103 dreptul de a modifica ace\u0219ti Termeni \u0219i Condi\u021bii. Este responsabilitatea exclusiv\u0103 a utilizatorului de a citi Termenii \u0219i Condi\u021biile \u00eenainte de a utiliza Serviciul artcouturier.md<\/p><p><strong>10. Datele prestatorului al Serviciului artcouturier.md,<\/strong> <strong>ARTCOUTURIER SRL<\/strong><br \/>CUI: 47645267<br \/>SEDIUL: Chi\u0219in\u0103u: str. Albi\u0219oara 4, C.C. Atrium<\/p>\t\t\t\t\t\t\t\t<\/div>\n\t\t\t\t<\/div>\n\t\t\t\t\t<\/div>\n\t\t<\/div>\n\t\t\t\t\t<\/div>\n\t\t<\/section>\n\t\t\t\t\t<\/div>\n\t\t<\/div>\n\t\t\t\t\t<\/div>\n\t\t<\/section>\n\t\t\t\t<\/div>\n\t\t","protected":false},"excerpt":{"rendered":"<p>Termeni \u0219i condi\u021bii 1. Introducere 1.1. Ace\u0219ti Termeni \u0219i Condi\u021bii se aplic\u0103 utilizatorilor artcouturier.md 2. Acceptarea termenilor \u0219i condi\u021biilor 2.1. Prin efectuarea unei\u00a0 complet\u0103ri de formular prin intermediul Serviciului artcouturier.md, va fi tratat\u0103 ca acceptare a acestor Termeni \u0219i Condi\u021bii, precum \u0219i acordarea consim\u021b\u0103m\u00e2ntului de a procesa, prelucra \u0219i stoca datele cu caracter personal \u00een conformitate cu Legea nr. 133 din 08.07.2011 privind protec\u021bia datelor cu caracter personal. 2.2. \u00cen cazul efectu\u0103rii pl\u0103\u021bilor prin portalul artcouturier.md, acceptarea acestor Termeni \u0219i Condi\u021bii, precum \u0219i acordarea consim\u021b\u0103m\u00e2ntului de a procesa, prelucra \u0219i stoca datele cu caracter personal, se realizeaz\u0103 prin bifarea acordului de c\u0103tre pl\u0103titor. 3. Pentru accesarea portalului artcouturier.md se recomand\u0103 utilizarea ultimelor trei versiuni ale celor mai populare browsere (Chrome, Edge, Safari, Firefox). Portalul poate fi accesat at\u00e2t pe dispozitivele desktop c\u00e2t \u0219i dispozitivele mobile (cu sisteme de operare IoS, Android, Windows). 3. Conduita utilizatorului\u00a0 3.1. Prin utilizarea Serviciului artcouturier.md, utilizatorul este de acord s\u0103 nu \u00eencarce, posteze, trimit\u0103 e-mail sau orice material ce con\u021bine viru\u0219i sau alte coduri de computer, fi\u0219iere sau programe menite s\u0103 \u00eentrerup\u0103, distrug\u0103 sau s\u0103 limiteze func\u021bionalitatea oric\u0103rui software sau hardware sau echipament de telecomunica\u021bie asociat cu artcouturier.md 4. Renun\u021barea la r\u0103spundere \u0219i limitarea r\u0103spunderii 4.1. Prin utilizarea Serviciului artcouturier.md, utilizatorul \u00een\u021belege \u0219i este de acord c\u0103 toate resursele pe care le furnizeaz\u0103 Artcouturier sunt \u201ea\u0219a cum sunt\u201d \u0219i \u201ea\u0219a cum sunt disponibile\u201d. Aceasta \u00eenseamn\u0103 c\u0103 nu este garantat ca: utilizarea resurselor Serviciului artcouturier.md va satisface toate nevoile sau cerin\u021bele Dvs.; utilizarea resurselor Serviciului artcouturier.md va fi ne\u00eentrerupt\u0103, \u00een timp util, sigur\u0103 sau f\u0103r\u0103 erori. 4.2. Artcouturier nu accept\u0103 r\u0103spunderea pentru daune, pierderi, costuri (inclusiv costuri juridice), cheltuieli indirecte pierderi sau daune de orice fel care pot fi suferite sau suportate de pl\u0103titor de la utilizarea Serviciului artcouturier.md 5. Legea aplicabil\u0103 \u0219i solu\u021bionarea litigiilor 5.1. Ace\u0219ti Termeni \u0219i Condi\u021bii cad sub inciden\u021ba legisla\u021biei Republicii Moldova. 5.2. \u00cen cazul oric\u0103rui litigiu sau dezacord care apare \u00een temeiul sau \u00een leg\u0103tur\u0103 cu ace\u0219ti Termeni \u0219i Condi\u021bii (inclusiv o disput\u0103 sau dezacord cu privire la valabilitatea Termenilor \u0219i Condi\u021biilor), astfel de dispute sau dezacorduri vor fi intentate \u0219i solu\u021bionate \u00een cadrul instan\u021belor de judecat\u0103 ale Republicii Moldova. 6. Suport \u0219i asisten\u021b\u0103 6.1. Pentru asisten\u021b\u0103 \u00een achitarea notelor de plat\u0103 artcouturier.md, sau depunerea unui peti\u021bii, contesta\u021bii, pl\u00e2ngeri, v\u0103 rug\u0103m s\u0103 ne contacta\u021bi prin urm\u0103toarele canale: Tel: 069039918 Email: adriana.calin@mail.ru 6.2. \u00cen cazul solicit\u0103rilor expediate pe email, echipa artcouturier.md va depune tot efortul pentru a oferi r\u0103spunsuri \u00een termen de cel mult 7 zile lucr\u0103toare. \u00cen cazul \u00een care nu primi\u021bi un r\u0103spuns \u00een acest termen, cel mai probabil operatorii no\u0219tri sunt supra\u00eenc\u0103rca\u021bi, \u0219i ca urmare v\u0103 rug\u0103m s\u0103 reveni\u021bi cu un mesaj repetat dac\u0103 chestiunea Dvs. nu sufer\u0103 am\u00e2nare iar echipa noastr\u0103 va reprioritiza cererea Dvs. 6.3. Pentru a beneficia de suport \u00een cazul unei deficien\u021be sau probleme ap\u0103rute, recomand\u0103m: sesizarea echipei artcouturier.md \u00een cel mult 180 zile de la depistarea incidentului\/problemei; expedierea tuturor actelor\/documentelor solicitate ulterior de echipa de suport artcouturier.md. 7. Confiden\u021bialitate 7.1. Serviciul artcouturier.md prelucreaz\u0103 date cu caracter personal exclusiv \u00een scopul asigur\u0103rii proces\u0103rii pl\u0103\u021bilor. Prelucrarea datelor cu caracter personal se ini\u021biaz\u0103 la solicitarea pl\u0103titorului de a efectua plata prin selectarea metodei de plat\u0103 \u0219i prestatorului de servicii de plat\u0103 \u0219i indicarea identificatorului pl\u0103\u021bii. 7.2. Prin Serviciul artcouturier.md sunt procesate urm\u0103toarele date generice cu caracter personal: Numele \u0219i prenumele persoanei fizice; Adresa IP \u00een cazul utiliz\u0103rii unei metodei electronice de plat\u0103 pe site. 7.3. Artcouturier garanteaz\u0103 respectarea drepturilor titularilor datelor cu caracter personal prev\u0103zute de Legea nr. 133 din 08.07.2011 privind protec\u021bia datelor cu caracter personal. 8. Drepturi de proprietate intelectual\u0103 8.1. Con\u021binutul \u0219i materialele disponibile pe portalul artcouturier.md, definite care includ, dar nu se limiteaz\u0103 la text, grafic\u0103, nume de site, cod surs\u0103, imagini \u0219i logo-uri, sunt proprietatea intelectual\u0103 a artcouturier \u0219i sunt protejate de legisla\u021bia privind drepturile de autor \u0219i m\u0103rcile comerciale aplicabile. Orice utilizare inadecvat\u0103, inclusiv, dar f\u0103r\u0103 a se limita la reproducerea, distribuirea, afi\u0219area sau transmiterea oric\u0103rui con\u021binut de pe acest portal este restric\u021bionat\u0103. 9. Modific\u0103rile termenilor \u0219i condi\u021biilor 9.1. Artcouturier \u00ee\u0219i rezerv\u0103 dreptul de a modifica ace\u0219ti Termeni \u0219i Condi\u021bii. Este responsabilitatea exclusiv\u0103 a utilizatorului de a citi Termenii \u0219i Condi\u021biile \u00eenainte de a utiliza Serviciul artcouturier.md 10. Datele prestatorului al Serviciului artcouturier.md, ARTCOUTURIER SRLCUI: 47645267SEDIUL: Chi\u0219in\u0103u: str. Albi\u0219oara 4, C.C. Atrium<\/p>\n","protected":false},"author":2,"featured_media":0,"parent":0,"menu_order":0,"comment_status":"closed","ping_status":"closed","template":"elementor_header_footer","meta":{"om_disable_all_campaigns":false,"_monsterinsights_skip_tracking":false,"_monsterinsights_sitenote_active":false,"_monsterinsights_sitenote_note":"","_monsterinsights_sitenote_category":0,"footnotes":""},"class_list":["post-1181","page","type-page","status-publish","hentry"],"aioseo_notices":[],"_links":{"self":[{"href":"https:\/\/artcouturier.md\/index.php\/wp-json\/wp\/v2\/pages\/1181","targetHints":{"allow":["GET"]}}],"collection":[{"href":"https:\/\/artcouturier.md\/index.php\/wp-json\/wp\/v2\/pages"}],"about":[{"href":"https:\/\/artcouturier.md\/index.php\/wp-json\/wp\/v2\/types\/page"}],"author":[{"embeddable":true,"href":"https:\/\/artcouturier.md\/index.php\/wp-json\/wp\/v2\/users\/2"}],"replies":[{"embeddable":true,"href":"https:\/\/artcouturier.md\/index.php\/wp-json\/wp\/v2\/comments?post=1181"}],"version-history":[{"count":5,"href":"https:\/\/artcouturier.md\/index.php\/wp-json\/wp\/v2\/pages\/1181\/revisions"}],"predecessor-version":[{"id":1349,"href":"https:\/\/artcouturier.md\/index.php\/wp-json\/wp\/v2\/pages\/1181\/revisions\/1349"}],"wp:attachment":[{"href":"https:\/\/artcouturier.md\/index.php\/wp-json\/wp\/v2\/media?parent=1181"}],"curies":[{"name":"wp","href":"https:\/\/api.w.org\/{rel}","templated":true}]}}